{"id":796,"date":"2024-11-01T22:57:47","date_gmt":"2024-11-01T21:57:47","guid":{"rendered":"https:\/\/www.carvey.fr\/?page_id=796"},"modified":"2024-11-03T01:28:01","modified_gmt":"2024-11-03T00:28:01","slug":"mention-legales","status":"publish","type":"page","link":"https:\/\/www.carvey.fr\/index.php\/mention-legales\/","title":{"rendered":"Mention l\u00e9gales"},"content":{"rendered":"\t\t<div data-elementor-type=\"wp-page\" data-elementor-id=\"796\" class=\"elementor elementor-796\">\n\t\t\t\t<div class=\"elementor-element elementor-element-f880d1a e-flex e-con-boxed e-con e-parent\" data-id=\"f880d1a\" data-element_type=\"container\">\n\t\t\t\t\t<div class=\"e-con-inner\">\n\t\t\t\t<div class=\"elementor-element elementor-element-8648036 elementor-widget elementor-widget-text-editor\" data-id=\"8648036\" data-element_type=\"widget\" data-widget_type=\"text-editor.default\">\n\t\t\t\t<div class=\"elementor-widget-container\">\n\t\t\t\t\t\t\t<h2>Mentions l\u00e9gales<\/h2>\n<p>Nous vous souhaitons la bienvenue sur le site www.carvey.fr (ci-apr\u00e8s le \u00ab Site \u00bb).<\/p>\n<p>Le Site est \u00e9dit\u00e9 par la soci\u00e9t\u00e9 Carvey Conseil, SARL au capital social de 1 000,00 \u20ac, dont le si\u00e8ge social est situ\u00e9 au 61 rue du 22 septembre, 92400 Courbevoie, immatricul\u00e9e au Registre du Commerce et des Soci\u00e9t\u00e9s de Nanterre sous le num\u00e9ro 848 551 362<\/p>\n<p>Num\u00e9ro de TVA intracommunautaire : FR66848551362<\/p>\n<p>\u00a0<\/p>\t\t\t\t\t\t<\/div>\n\t\t\t\t<\/div>\n\t\t\t\t\t<\/div>\n\t\t\t\t<\/div>\n\t\t\t\t<\/div>\n\t\t","protected":false},"excerpt":{"rendered":"<p>Mentions l\u00e9gales Nous vous souhaitons la bienvenue sur le site www.carvey.fr (ci-apr\u00e8s le \u00ab Site \u00bb). Le Site est \u00e9dit\u00e9 par la [&hellip;]<\/p>\n","protected":false},"author":1,"featured_media":0,"parent":0,"menu_order":12,"comment_status":"closed","ping_status":"closed","template":"page-templates\/page_front-page.php","meta":{"footnotes":""},"class_list":["post-796","page","type-page","status-publish","hentry"],"_links":{"self":[{"href":"https:\/\/www.carvey.fr\/index.php\/wp-json\/wp\/v2\/pages\/796","targetHints":{"allow":["GET"]}}],"collection":[{"href":"https:\/\/www.carvey.fr\/index.php\/wp-json\/wp\/v2\/pages"}],"about":[{"href":"https:\/\/www.carvey.fr\/index.php\/wp-json\/wp\/v2\/types\/page"}],"author":[{"embeddable":true,"href":"https:\/\/www.carvey.fr\/index.php\/wp-json\/wp\/v2\/users\/1"}],"replies":[{"embeddable":true,"href":"https:\/\/www.carvey.fr\/index.php\/wp-json\/wp\/v2\/comments?post=796"}],"version-history":[{"count":7,"href":"https:\/\/www.carvey.fr\/index.php\/wp-json\/wp\/v2\/pages\/796\/revisions"}],"predecessor-version":[{"id":803,"href":"https:\/\/www.carvey.fr\/index.php\/wp-json\/wp\/v2\/pages\/796\/revisions\/803"}],"wp:attachment":[{"href":"https:\/\/www.carvey.fr\/index.php\/wp-json\/wp\/v2\/media?parent=796"}],"curies":[{"name":"wp","href":"https:\/\/api.w.org\/{rel}","templated":true}]}}